{"id":542,"date":"2012-10-14T16:21:15","date_gmt":"2012-10-14T16:21:15","guid":{"rendered":"http:\/\/anaandueza.com\/?page_id=542"},"modified":"2025-11-17T21:00:02","modified_gmt":"2025-11-17T21:00:02","slug":"la-musicotherapie","status":"publish","type":"page","link":"https:\/\/anaandueza.com\/?page_id=542","title":{"rendered":"VIII. La Musicoth\u00e9rapie"},"content":{"rendered":"\n<figure class=\"wp-block-image\"><img loading=\"lazy\" decoding=\"async\" width=\"1024\" height=\"768\" src=\"http:\/\/anaandueza.com\/wp-content\/uploads\/2011\/01\/P2240005-1024x768.jpg\" alt=\"\" class=\"wp-image-521\" srcset=\"https:\/\/anaandueza.com\/wp-content\/uploads\/2011\/01\/P2240005-1024x768.jpg 1024w, https:\/\/anaandueza.com\/wp-content\/uploads\/2011\/01\/P2240005-300x224.jpg 300w\" sizes=\"auto, (max-width: 1024px) 100vw, 1024px\" \/><\/figure>\n\n\n<p align=\"justify\">L&rsquo;ensemble des formations universitaires et plusieurs centres priv\u00e9s de formation sont d\u00e9sormais regroup\u00e9s sous la forme d&rsquo;une f\u00e9d\u00e9ration : la F\u00e9d\u00e9ration Fran\u00e7aise de Musicoth\u00e9rapie (FFM).<\/p>\n<p align=\"justify\">La F\u00e9d\u00e9ration Fran\u00e7aise de Musicoth\u00e9rapie est une structure permettant des \u00e9changes, des d\u00e9bats, autant en termes de pratiques cliniques que de consid\u00e9rations scientifiques ou d\u00e9ontologiques.<\/p>\n<p align=\"justify\">La F\u00e9d\u00e9ration devient ainsi l&rsquo;interlocuteur privil\u00e9gi\u00e9 aupr\u00e8s des pouvoirs publics et des organismes de tutelle. Elle participe \u00e0 la constitution d&rsquo;une identit\u00e9 professionnelle, devant aboutir \u00e0 la mise en place d&rsquo;un v\u00e9ritable statut des musicoth\u00e9rapeutes en tant que professionnels de sant\u00e9.<\/p>\n<p align=\"justify\">Les membres affili\u00e9s \u00e0 la F\u00e9d\u00e9ration adh\u00e8rent \u00e0 un code de d\u00e9ontologie unique, garantissant la qualit\u00e9 de leur formation, le s\u00e9rieux de leur pratique clinique, dans le plus grand respect des patients qui leur sont confi\u00e9s.<\/p>\n<p align=\"justify\">Ils sont repr\u00e9sent\u00e9s et parlent d&rsquo;une m\u00eame voix dans les instances europ\u00e9ennes, la F\u00e9d\u00e9ration Fran\u00e7aise de Musicoth\u00e9rapie \u00e9tant la seule r\u00e9f\u00e9rence nationale reconnue aupr\u00e8s de la Conf\u00e9d\u00e9ration Europ\u00e9enne de Musicoth\u00e9rapie (EMTC)<\/p>\n<p style=\"text-align: center;\"><strong>CODE DE DEONTOLOGIE<\/strong><\/p>\n<p>Introduction<br \/>\nCe code de d\u00e9ontologie est en coh\u00e9rence avec le Code Ethique de l\u2019European Music Therapy Confederation, dont il pr\u00e9cise et adapte le contenu, en direction des musicoth\u00e9rapeutes de France, affili\u00e9s \u00e0 la F\u00e9d\u00e9ration Fran\u00e7aise de Musicoth\u00e9rapie : les musicoth\u00e9rapeutes appartenant aux organisations conf\u00e9d\u00e9r\u00e9es par l\u2019European Music Therapy Confederation s\u2019engagent \u00e0 travailler dans le cadre de la loi de leur pays.<br \/>\nLa finalit\u00e9 de ce code de d\u00e9ontologie est de prot\u00e9ger les patients contre des pratiques contraires \u00e0 l\u2019\u00e9thique, et \u00e0 orienter les membres dans leur comportement professionnel.<br \/>\nCe code comprend 8 articles, tels qu\u2019ils ont \u00e9t\u00e9 adopt\u00e9s lors du Conseil d\u2019Administration de la F\u00e9d\u00e9ration Fran\u00e7aise de Musicoth\u00e9rapie en date du 10 novembre 2004. Il entre en vigueur imm\u00e9diatement.<\/p>\n<p>1 Champ d\u2019application<br \/>\n1.1 Le code de d\u00e9ontologie de la F\u00e9d\u00e9ration Fran\u00e7aise de Musicoth\u00e9rapie est en accord avec le code \u00e9thique de l\u2019European Music Therapy Confederation.<br \/>\n1.2 Par leur signature, tous les membres adh\u00e9rents et affili\u00e9s de la F\u00e9d\u00e9ration Fran\u00e7aise de Musicoth\u00e9rapie s\u2019engagent \u00e0 respecter ce code de d\u00e9ontologie.<\/p>\n<p>2 Objet<br \/>\n2.1 Le but principal de ce code de d\u00e9ontologie est de prot\u00e9ger les patients contre des pr\u00e9judices r\u00e9sultant d\u2019un comportement contraire \u00e0 l\u2019\u00e9thique, et d\u2019assurer qu\u2019en toutes circonstances, leur s\u00e9curit\u00e9 sera toujours prioritaire. Les objectifs secondaires de ce code de d\u00e9ontologie sont directement ou indirectement subordonn\u00e9s au but principal ci-dessus.<\/p>\n<p>3 Obligations professionnelles g\u00e9n\u00e9rales<br \/>\n3.1 Le musicoth\u00e9rapeute doit avoir termin\u00e9 une formation sp\u00e9cialis\u00e9e \u00e0 la musicoth\u00e9rapie conforme aux crit\u00e8res d\u2019admission sp\u00e9cifi\u00e9s par la F\u00e9d\u00e9ration Fran\u00e7aise de Musicoth\u00e9rapie.<br \/>\n3.2 Le musicoth\u00e9rapeute se plie aux exigences l\u00e9gales le concernant. Il est fondamentalement tenu au secret professionnel (d\u00e9fini par l\u2019Article 378 du Code P\u00e9nal et les articles 226-13 et 226-14 du nouveau code p\u00e9nal).<br \/>\n3.3 Il doit s\u2019abstenir, m\u00eame en dehors de l\u2019exercice de sa profession, de tout acte de nature \u00e0 d\u00e9consid\u00e9rer celle-ci.<br \/>\n3.4 Lorsqu\u2019il n\u2019est pas couvert par une assurance de son employeur, le musicoth\u00e9rapeute doit prendre \u00e0 ses frais une assurance Responsabilit\u00e9 Civile professionnelle, et souscrire aux obligations l\u00e9gales en vigueur.<br \/>\n3.5 Il s\u2019engage \u00e0 approfondir ses connaissances et son savoir-faire, et \u00e0 soumettre son exercice professionnel \u00e0 une supervision. Il devra pouvoir en rendre compte \u00e0 la F\u00e9d\u00e9ration Fran\u00e7aise de Musicoth\u00e9rapie si celle-ci le jugeait n\u00e9cessaire.<\/p>\n<p>4 Responsabilit\u00e9s sp\u00e9cifiques envers les patients<br \/>\n4.1 Toute pratique de la musicoth\u00e9rapie doit \u00eatre associ\u00e9e \u00e0 un travail de r\u00e9flexion th\u00e9orique. La s\u00e9ance de musicoth\u00e9rapie, quelle qu\u2019elle soit, ne se suffit pas \u00e0 elle-m\u00eame ; le temps de pr\u00e9paration, de r\u00e9flexion, de reprise des s\u00e9ances, et le travail de recherche musicale indispensable \u00e0 cette pratique, font partie du processus th\u00e9rapeutique.<br \/>\n4.2 Le musicoth\u00e9rapeute, conscient du degr\u00e9 de d\u00e9pendance inh\u00e9rent \u00e0 une relation th\u00e9rapeutique, n\u2019abusera en aucune circonstance de cette relation th\u00e9rapeutique pour satisfaire ses propres int\u00e9r\u00eats.<br \/>\n4.3 Le musicoth\u00e9rapeute s\u2019engage \u00e0 respecter le libre choix du patient. Il travaille sur la base d\u2019un accord explicite avec le patient, ses parents ou son tuteur l\u00e9gal, ou les soignants. Ce contrat comprend<br \/>\na\/ l\u2019orientation musicoth\u00e9rapeutique, son cadre, ses m\u00e9thodes et ses buts<br \/>\nb\/ le champ et la dur\u00e9e approximative du traitement,<br \/>\nc\/ le co\u00fbt (le cas \u00e9ch\u00e9ant),<br \/>\nd\/ une explicitation de la nature confidentielle de la th\u00e9rapie et, dans le cas d\u2019un mineur, des limites de cette confidentialit\u00e9 pr\u00e9vues par la loi sur la protection de l\u2019enfance.<br \/>\n4.4 Le musicoth\u00e9rapeute refuse de prendre en charge des patients dont les besoins sp\u00e9cifiques ne rel\u00e8ve pas de ses comp\u00e9tences. Ceci inclut les cas qui n\u00e9cessitent des techniques sp\u00e9cifiques qu\u2019il n\u2019a pas apprises ou n\u2019est pas en mesure d\u2019utiliser. Le musicoth\u00e9rapeute est responsable de la s\u00e9curit\u00e9 de son patient pendant les s\u00e9ances de th\u00e9rapie. Il est de son devoir de s\u2019informer des pathologies que pr\u00e9sente un patient, qui pourraient requ\u00e9rir une assistance m\u00e9dicale ou un \u00e9quipement sp\u00e9cialis\u00e9.<br \/>\n4.5 Le musicoth\u00e9rapeute ne traite que des patients qui lui ont \u00e9t\u00e9 confi\u00e9s ou qui se sont adress\u00e9s \u00e0 lui de leur propre initiative. Il s\u2019interdit de faire toute publicit\u00e9 de nature commerciale<br \/>\n4.6 D\u00e8s lors qu\u2019il accepte de r\u00e9pondre \u00e0 une demande de th\u00e9rapie, le musicoth\u00e9rapeute s\u2019engage \u00e0 assurer personnellement des soins consciencieux, et \u00e0 faire appel s\u2019il y a lieu \u00e0 l\u2019aide d\u2019un tiers comp\u00e9tent.<\/p>\n<p>5 Responsabilit\u00e9 envers les stagiaires, \u00e9tudiants et supervis\u00e9s<br \/>\n5.1 La th\u00e9rapie individuelle ou de groupe d\u2019un \u00e9tudiant en musicoth\u00e9rapie ne peut \u00eatre assur\u00e9e par une personne assurant l\u2019enseignement th\u00e9orique, la supervision ou le stage pratique de l\u2019\u00e9tudiant.<br \/>\n5.2 Le formateur, le superviseur, ne d\u00e9l\u00e8gue une responsabilit\u00e9 clinique \u00e0 un \u00e9tudiant ou \u00e0 un stagiaire en supervision qu\u2019\u00e0 condition de lui donner des instructions pr\u00e9cises et d\u2019assurer une supervision ad\u00e9quate.<\/p>\n<p>6 Confidentialit\u00e9 et protection des informations<br \/>\n6.1 Le musicoth\u00e9rapeute prot\u00e8ge la confidentialit\u00e9 absolue de l\u2019information recueillie au cours du traitement.<br \/>\n6.2 Les exceptions concernent :<br \/>\na\/ les informations g\u00e9n\u00e9rales strictement n\u00e9cessaires \u00e0 la coordination du mode de traitement, qui peuvent \u00eatre partag\u00e9es avec les professionnels concern\u00e9s. Les stagiaires en musicoth\u00e9rapie sont soumis aux m\u00eames exigences de confidentialit\u00e9 que le musicoth\u00e9rapeute.<br \/>\nb\/ les informations concernant des mineurs, dans la cadre l\u00e9gal de la protection de l\u2019enfance, et sur demande formelle de la justice.<br \/>\nc\/ les informations respectant l\u2019anonymat du patient pouvant \u00eatre publi\u00e9es pour les besoins d\u2019une conf\u00e9rence, d\u2019une \u00e9tude de cas ou d\u2019un projet de recherche.<\/p>\n<p>7 Recherche<br \/>\n7.1 Tout travail de recherche en musicoth\u00e9rapie, qui concerne directement des patients, s\u2019inscrira dans la cadre l\u00e9gal de la recherche clinique : priorit\u00e9 sera donn\u00e9e aux objectifs th\u00e9rapeutiques, \u00e0 la s\u00e9curit\u00e9 du patient, et au respect de son anonymat.<br \/>\n7.2 La propri\u00e9t\u00e9 intellectuelle sera respect\u00e9e. Les contributions de tiers seront clairement mentionn\u00e9es dans toute conf\u00e9rence ou publication.<\/p>\n<p>8 Sanctions en cas d\u2019infraction au code de d\u00e9ontologie de la F\u00e9d\u00e9ration Fran\u00e7aise de Musicoth\u00e9rapie<br \/>\n8.1 Le musicoth\u00e9rapeute est conscient que la F\u00e9d\u00e9ration Fran\u00e7aise de Musicoth\u00e9rapie, en tant que membre de l\u2019European Music Therapy Confederation, est tenue d\u2019intervenir \u00e0 chaque violation du code de d\u00e9ontologie et, si n\u00e9cessaire, d\u2019exclure les membres concern\u00e9s.<br \/>\n8.2 Le musicoth\u00e9rapeute s\u2019engage \u00e0 se soumettre aux d\u00e9cisions de la F\u00e9d\u00e9ration Fran\u00e7aise de Musicoth\u00e9rapie.<br \/>\n8.3 Le musicoth\u00e9rapeute prend connaissance du fait que l\u2019European Music Therapy Confederation a le devoir de rappeler r\u00e9guli\u00e8rement \u00e0 l\u2019ordre la F\u00e9d\u00e9ration Fran\u00e7aise de Musicoth\u00e9rapie sur la mani\u00e8re de traiter et de respecter les proc\u00e9dures d\u00e9ontologiques exig\u00e9es.\n<\/p>\n<p style=\"text-align: center;\" align=\"justify\">FEDERATION FRANCAISE DE MUSICOTHERAPIE<br \/>\nBP 53301<br \/>\n44233&nbsp; ST SEBASTIEN SUR LOIRE CEDEX<\/p>\n\n\n<figure class=\"wp-block-embed is-type-video is-provider-youtube wp-block-embed-youtube wp-embed-aspect-16-9 wp-has-aspect-ratio\"><div class=\"wp-block-embed__wrapper\">\n<iframe loading=\"lazy\" title=\"Ana Andueza: R\u00e9\u00e9crire son DESTIN. Lib\u00e9ration et r\u00e9invention!. La TGA\ud83d\udcab\u26d3\ufe0f\u200d\ud83d\udca5\" width=\"474\" height=\"267\" src=\"https:\/\/www.youtube.com\/embed\/4jAYHLfRYsE?feature=oembed\" frameborder=\"0\" allow=\"accelerometer; autoplay; clipboard-write; encrypted-media; gyroscope; picture-in-picture; web-share\" referrerpolicy=\"strict-origin-when-cross-origin\" allowfullscreen><\/iframe>\n<\/div><\/figure>\n","protected":false},"excerpt":{"rendered":"<p>L&rsquo;ensemble des formations universitaires et plusieurs centres priv\u00e9s de formation sont d\u00e9sormais regroup\u00e9s sous la forme d&rsquo;une f\u00e9d\u00e9ration : la F\u00e9d\u00e9ration Fran\u00e7aise de Musicoth\u00e9rapie (FFM). La F\u00e9d\u00e9ration Fran\u00e7aise de Musicoth\u00e9rapie est une structure permettant des \u00e9changes, des d\u00e9bats, autant en termes de pratiques cliniques que de consid\u00e9rations scientifiques ou d\u00e9ontologiques. La F\u00e9d\u00e9ration devient ainsi l&rsquo;interlocuteur &hellip; <a href=\"https:\/\/anaandueza.com\/?page_id=542\" class=\"more-link\">Continuer la lecture de <span class=\"screen-reader-text\">VIII. La Musicoth\u00e9rapie<\/span>  <span class=\"meta-nav\">&rarr;<\/span><\/a><\/p>\n","protected":false},"author":1,"featured_media":830,"parent":0,"menu_order":0,"comment_status":"closed","ping_status":"closed","template":"","meta":{"footnotes":""},"class_list":["post-542","page","type-page","status-publish","has-post-thumbnail","hentry"],"_links":{"self":[{"href":"https:\/\/anaandueza.com\/index.php?rest_route=\/wp\/v2\/pages\/542","targetHints":{"allow":["GET"]}}],"collection":[{"href":"https:\/\/anaandueza.com\/index.php?rest_route=\/wp\/v2\/pages"}],"about":[{"href":"https:\/\/anaandueza.com\/index.php?rest_route=\/wp\/v2\/types\/page"}],"author":[{"embeddable":true,"href":"https:\/\/anaandueza.com\/index.php?rest_route=\/wp\/v2\/users\/1"}],"replies":[{"embeddable":true,"href":"https:\/\/anaandueza.com\/index.php?rest_route=%2Fwp%2Fv2%2Fcomments&post=542"}],"version-history":[{"count":19,"href":"https:\/\/anaandueza.com\/index.php?rest_route=\/wp\/v2\/pages\/542\/revisions"}],"predecessor-version":[{"id":1162,"href":"https:\/\/anaandueza.com\/index.php?rest_route=\/wp\/v2\/pages\/542\/revisions\/1162"}],"wp:featuredmedia":[{"embeddable":true,"href":"https:\/\/anaandueza.com\/index.php?rest_route=\/wp\/v2\/media\/830"}],"wp:attachment":[{"href":"https:\/\/anaandueza.com\/index.php?rest_route=%2Fwp%2Fv2%2Fmedia&parent=542"}],"curies":[{"name":"wp","href":"https:\/\/api.w.org\/{rel}","templated":true}]}}