{"id":37,"date":"2011-02-19T00:00:00","date_gmt":"2011-02-19T00:00:00","guid":{"rendered":"http:\/\/anaandueza.com\/WordPress\/?page_id=37"},"modified":"2025-11-17T21:00:58","modified_gmt":"2025-11-17T21:00:58","slug":"liens","status":"publish","type":"page","link":"https:\/\/anaandueza.com\/?page_id=37","title":{"rendered":"X.\u00a0\u00bbLa Magie d&rsquo;\u00catre\u00a0\u00bb et plus!"},"content":{"rendered":"\n<figure class=\"wp-block-embed is-type-video is-provider-youtube wp-block-embed-youtube wp-embed-aspect-16-9 wp-has-aspect-ratio\"><div class=\"wp-block-embed__wrapper\">\n<iframe loading=\"lazy\" title=\"Ana Andueza : La TGA, th\u00e9rapie qui allie tradition et innovation, vers une vie plus \u00e9panouissante\ud83d\udc4c\" width=\"474\" height=\"267\" src=\"https:\/\/www.youtube.com\/embed\/nTPQ8m-mywU?feature=oembed\" frameborder=\"0\" allow=\"accelerometer; autoplay; clipboard-write; encrypted-media; gyroscope; picture-in-picture; web-share\" referrerpolicy=\"strict-origin-when-cross-origin\" allowfullscreen><\/iframe>\n<\/div><\/figure>\n\n\n\n<figure class=\"wp-block-embed is-type-video is-provider-youtube wp-block-embed-youtube wp-embed-aspect-16-9 wp-has-aspect-ratio\"><div class=\"wp-block-embed__wrapper\">\n<iframe loading=\"lazy\" title=\"Ana Andueza: R\u00e9\u00e9crire son DESTIN. Lib\u00e9ration et r\u00e9invention!. La TGA\ud83d\udcab\u26d3\ufe0f\u200d\ud83d\udca5\" width=\"474\" height=\"267\" src=\"https:\/\/www.youtube.com\/embed\/4jAYHLfRYsE?feature=oembed\" frameborder=\"0\" allow=\"accelerometer; autoplay; clipboard-write; encrypted-media; gyroscope; picture-in-picture; web-share\" referrerpolicy=\"strict-origin-when-cross-origin\" allowfullscreen><\/iframe>\n<\/div><\/figure>\n\n\n\n<figure class=\"wp-block-embed is-type-video is-provider-youtube wp-block-embed-youtube wp-embed-aspect-16-9 wp-has-aspect-ratio\"><div class=\"wp-block-embed__wrapper\">\n<iframe loading=\"lazy\" title=\"Ana Andueza: Une R\u00e9volution Int\u00e9rieure: Vers une Nouvelle Conception de la Psych\u00e9!\ud83e\udd8b\" width=\"474\" height=\"267\" src=\"https:\/\/www.youtube.com\/embed\/ORtsY4aF7K8?feature=oembed\" frameborder=\"0\" allow=\"accelerometer; autoplay; clipboard-write; encrypted-media; gyroscope; picture-in-picture; web-share\" referrerpolicy=\"strict-origin-when-cross-origin\" allowfullscreen><\/iframe>\n<\/div><\/figure>\n\n\n\n<p class=\"has-text-align-center\"><a href=\"http:\/\/www.sophrologie-francaise.com\/\" target=\"_blank\" rel=\"noopener noreferrer\">Soci\u00e9t\u00e9 Fran\u00e7aise de Sophrologie<\/a><\/p>\n\n\n\n<p class=\"has-text-align-center\"><a href=\"http:\/\/www.fesac-sophro.eu\/Entretien-Jean-Pierre-Hubert_10.html\">http:\/\/www.fesac-sophro.eu\/Entretien-Jean-Pierre-Hubert_10.html<\/a><\/p>\n\n\n\n<p class=\"has-text-align-center\"><a href=\"http:\/\/www.ambx.net\/\" target=\"_blank\" rel=\"noopener noreferrer\">AMBX<\/a><\/p>\n\n\n\n<p class=\"has-text-align-center\"><a href=\"https:\/\/www.medoucine.com\/pratiques\/sophro-analyse\">https:\/\/www.medoucine.com\/pratiques\/sophro-analyse<\/a><\/p>\n\n\n\n<figure class=\"wp-block-embed is-type-video is-provider-youtube wp-block-embed-youtube wp-embed-aspect-16-9 wp-has-aspect-ratio\"><div class=\"wp-block-embed__wrapper\">\n<iframe loading=\"lazy\" title=\"Les Chroniques de Jean-Pierre Hubert - Chronique n\u00b02 : Sophrologie \u00e0 ses d\u00e9buts et aujourd&#039;hui\" width=\"474\" height=\"267\" src=\"https:\/\/www.youtube.com\/embed\/P8X38Dqg4z0?feature=oembed\" frameborder=\"0\" allow=\"accelerometer; autoplay; clipboard-write; encrypted-media; gyroscope; picture-in-picture; web-share\" referrerpolicy=\"strict-origin-when-cross-origin\" allowfullscreen><\/iframe>\n<\/div><\/figure>\n\n\n\n<figure class=\"wp-block-embed is-type-video is-provider-youtube wp-block-embed-youtube wp-embed-aspect-16-9 wp-has-aspect-ratio\"><div class=\"wp-block-embed__wrapper\">\n<iframe loading=\"lazy\" title=\"Les Chroniques de Jean-Pierre Hubert - Chronique n\u00b01 : la Sophrologie\" width=\"474\" height=\"267\" src=\"https:\/\/www.youtube.com\/embed\/G7m_Ss3PENw?feature=oembed\" frameborder=\"0\" allow=\"accelerometer; autoplay; clipboard-write; encrypted-media; gyroscope; picture-in-picture; web-share\" referrerpolicy=\"strict-origin-when-cross-origin\" allowfullscreen><\/iframe>\n<\/div><\/figure>\n\n\n\n<figure class=\"wp-block-embed is-type-wp-embed is-provider-c-line-schaar wp-block-embed-c-line-schaar\"><div class=\"wp-block-embed__wrapper\">\n<blockquote class=\"wp-embedded-content\" data-secret=\"M6CUQ3kaCr\"><a href=\"https:\/\/celine-sophrologue-91.fr\/a-propos-presentation-cabinet-nozay-essonne\/un-des-pionniers-de-la-sophrologie\">Un des pionniers de la sophrologie en France<\/a><\/blockquote><iframe loading=\"lazy\" class=\"wp-embedded-content\" sandbox=\"allow-scripts\" security=\"restricted\" style=\"position: absolute; visibility: hidden;\" title=\"\u00ab\u00a0Un des pionniers de la sophrologie en France\u00a0\u00bb &#8212; C\u00e9line SCHAAR\" src=\"https:\/\/celine-sophrologue-91.fr\/a-propos-presentation-cabinet-nozay-essonne\/un-des-pionniers-de-la-sophrologie\/embed#?secret=gtch1gAYL9#?secret=M6CUQ3kaCr\" data-secret=\"M6CUQ3kaCr\" width=\"474\" height=\"267\" frameborder=\"0\" marginwidth=\"0\" marginheight=\"0\" scrolling=\"no\"><\/iframe>\n<\/div><\/figure>\n\n\n\n<p><strong><span style=\"color: #888888;\">Biling\u00fce espa\u00f1ol-franc\u00e9s<\/span><\/strong><\/p>\n\n\n\n<figure class=\"wp-block-image\"><img loading=\"lazy\" decoding=\"async\" width=\"1024\" height=\"962\" src=\"https:\/\/anaandueza.com\/wp-content\/uploads\/2024\/01\/Corps-2-2-1024x962.png\" alt=\"\" class=\"wp-image-740\" srcset=\"https:\/\/anaandueza.com\/wp-content\/uploads\/2024\/01\/Corps-2-2-1024x962.png 1024w, https:\/\/anaandueza.com\/wp-content\/uploads\/2024\/01\/Corps-2-2-300x282.png 300w, https:\/\/anaandueza.com\/wp-content\/uploads\/2024\/01\/Corps-2-2-768x722.png 768w, https:\/\/anaandueza.com\/wp-content\/uploads\/2024\/01\/Corps-2-2.png 1080w\" sizes=\"auto, (max-width: 1024px) 100vw, 1024px\" \/><\/figure>\n\n\n\n<p class=\"has-text-align-center\"><a href=\"https:\/\/www.youtube.com\/@anaandueza7\">https:\/\/www.youtube.com\/@anaandueza7<\/a><\/p>\n\n\n\n<figure class=\"wp-block-gallery has-nested-images columns-default is-cropped wp-block-gallery-1 is-layout-flex wp-block-gallery-is-layout-flex\">\n<figure class=\"wp-block-image\"><img loading=\"lazy\" decoding=\"async\" width=\"1024\" height=\"585\" data-id=\"708\" src=\"https:\/\/anaandueza.com\/wp-content\/uploads\/2024\/01\/Ajouter-un-sous-titre3-1-1024x585.jpg\" alt=\"\" class=\"wp-image-708\" srcset=\"https:\/\/anaandueza.com\/wp-content\/uploads\/2024\/01\/Ajouter-un-sous-titre3-1-1024x585.jpg 1024w, https:\/\/anaandueza.com\/wp-content\/uploads\/2024\/01\/Ajouter-un-sous-titre3-1-300x171.jpg 300w, https:\/\/anaandueza.com\/wp-content\/uploads\/2024\/01\/Ajouter-un-sous-titre3-1-768x439.jpg 768w, https:\/\/anaandueza.com\/wp-content\/uploads\/2024\/01\/Ajouter-un-sous-titre3-1.jpg 1969w\" sizes=\"auto, (max-width: 1024px) 100vw, 1024px\" \/><\/figure>\n<\/figure>\n\n\n\n<h2 class=\"wp-block-heading has-text-align-center\">Pour podcaster et t\u00e9l\u00e9charger les M\u00e9ditations guid\u00e9es!<\/h2>\n\n\n\n<p class=\"has-text-align-center\"><a href=\"https:\/\/lamagiedetremeditations.buzzsprout.com\/\">https:\/\/lamagiedetremeditations.buzzsprout.com\/<\/a><\/p>\n\n\n\n<p><\/p>\n","protected":false},"excerpt":{"rendered":"<p>Soci\u00e9t\u00e9 Fran\u00e7aise de Sophrologie http:\/\/www.fesac-sophro.eu\/Entretien-Jean-Pierre-Hubert_10.html AMBX https:\/\/www.medoucine.com\/pratiques\/sophro-analyse Biling\u00fce espa\u00f1ol-franc\u00e9s https:\/\/www.youtube.com\/@anaandueza7 Pour podcaster et t\u00e9l\u00e9charger les M\u00e9ditations guid\u00e9es! https:\/\/lamagiedetremeditations.buzzsprout.com\/<\/p>\n","protected":false},"author":1,"featured_media":826,"parent":0,"menu_order":0,"comment_status":"closed","ping_status":"closed","template":"","meta":{"footnotes":""},"class_list":["post-37","page","type-page","status-publish","has-post-thumbnail","hentry"],"_links":{"self":[{"href":"https:\/\/anaandueza.com\/index.php?rest_route=\/wp\/v2\/pages\/37","targetHints":{"allow":["GET"]}}],"collection":[{"href":"https:\/\/anaandueza.com\/index.php?rest_route=\/wp\/v2\/pages"}],"about":[{"href":"https:\/\/anaandueza.com\/index.php?rest_route=\/wp\/v2\/types\/page"}],"author":[{"embeddable":true,"href":"https:\/\/anaandueza.com\/index.php?rest_route=\/wp\/v2\/users\/1"}],"replies":[{"embeddable":true,"href":"https:\/\/anaandueza.com\/index.php?rest_route=%2Fwp%2Fv2%2Fcomments&post=37"}],"version-history":[{"count":66,"href":"https:\/\/anaandueza.com\/index.php?rest_route=\/wp\/v2\/pages\/37\/revisions"}],"predecessor-version":[{"id":1163,"href":"https:\/\/anaandueza.com\/index.php?rest_route=\/wp\/v2\/pages\/37\/revisions\/1163"}],"wp:featuredmedia":[{"embeddable":true,"href":"https:\/\/anaandueza.com\/index.php?rest_route=\/wp\/v2\/media\/826"}],"wp:attachment":[{"href":"https:\/\/anaandueza.com\/index.php?rest_route=%2Fwp%2Fv2%2Fmedia&parent=37"}],"curies":[{"name":"wp","href":"https:\/\/api.w.org\/{rel}","templated":true}]}}