{"id":39,"date":"2011-02-19T00:00:03","date_gmt":"2011-02-19T00:00:03","guid":{"rendered":"http:\/\/anaandueza.com\/WordPress\/?page_id=39"},"modified":"2025-11-17T20:59:36","modified_gmt":"2025-11-17T20:59:36","slug":"contact","status":"publish","type":"page","link":"http:\/\/anaandueza.com\/?page_id=39","title":{"rendered":"VII. Me contacter"},"content":{"rendered":"\n<figure class=\"wp-block-gallery has-nested-images columns-default is-cropped wp-block-gallery-1 is-layout-flex wp-block-gallery-is-layout-flex\">\n<figure class=\"wp-block-image\"><img loading=\"lazy\" decoding=\"async\" width=\"1024\" height=\"812\" data-id=\"768\" src=\"https:\/\/anaandueza.com\/wp-content\/uploads\/2024\/01\/1000026153-1024x812.jpg\" alt=\"\" class=\"wp-image-768\" srcset=\"http:\/\/anaandueza.com\/wp-content\/uploads\/2024\/01\/1000026153-1024x812.jpg 1024w, http:\/\/anaandueza.com\/wp-content\/uploads\/2024\/01\/1000026153-300x238.jpg 300w, http:\/\/anaandueza.com\/wp-content\/uploads\/2024\/01\/1000026153-768x609.jpg 768w, http:\/\/anaandueza.com\/wp-content\/uploads\/2024\/01\/1000026153.jpg 1096w\" sizes=\"auto, (max-width: 1024px) 100vw, 1024px\" \/><\/figure>\n<\/figure>\n\n\n<h1 style=\"text-align: center;\"><span style=\"color: #333333;\"><span style=\"color: #808080;\">Ana ANDUEZA<\/span> \u00a0\u00a0<\/span><\/h1>\n<p style=\"text-align: center;\"><span style=\"color: #808080;\">\u00a0<\/span><\/p>\n<p style=\"text-align: center;\"><span style=\"color: #808080;\"><strong>513 Behereko bidea<\/strong><\/span><\/p>\n<p style=\"text-align: center;\"><span style=\"color: #808080;\"><strong>Maison Tara Zuria (en face du parking l&rsquo;\u00e9cole communale)<\/strong><\/span><\/p>\n<p style=\"text-align: center;\"><span style=\"color: #808080;\"><strong>64780\u00a0Saint Martin D&rsquo;Arrossa<\/strong><\/span><\/p>\n<h4 style=\"text-align: center;\"><span style=\"color: #808080;\"><span style=\"color: #ff6600;\">06 20 57 77 80<\/span><\/span><\/h4>\n<p style=\"text-align: center;\"><span style=\"color: #3366ff;\"><a style=\"color: #3366ff;\" href=\"mailto:sophro.ana.lyse@neuf.fr\">sophro.ana.lyse@neuf.fr<\/a><\/span><\/p>\n<p style=\"text-align: center;\"><span style=\"color: #ff6600;\"><strong>Sur rendez-vous, au cabinet ou en t\u00e9l\u00e9-consultation par Zoom ou WhatsApp<br \/><\/strong><\/span><\/p>\n<p>\u00a0 \u00a0 \u00a0 \u00a0 \u00a0 \u00a0 \u00a0 \u00a0 \u00a0 \u00a0 \u00a0 \u00a0 \u00a0 \u00a0 \u00a0 \u00a0 \u00a0 \u00a0 \u00a0 \u00a0 \u00a0 \u00a0 \u00a0 \u00a0 \u00a0<strong><span style=\"color: #888888;\">Biling\u00fce espa\u00f1ol-franc\u00e9s<\/span><\/strong><\/p>\n\n\n<figure class=\"wp-block-image\"><img loading=\"lazy\" decoding=\"async\" width=\"1024\" height=\"962\" src=\"http:\/\/anaandueza.com\/wp-content\/uploads\/2024\/01\/Corps-2-3-1024x962.png\" alt=\"\" class=\"wp-image-766\" srcset=\"http:\/\/anaandueza.com\/wp-content\/uploads\/2024\/01\/Corps-2-3-1024x962.png 1024w, http:\/\/anaandueza.com\/wp-content\/uploads\/2024\/01\/Corps-2-3-300x282.png 300w, http:\/\/anaandueza.com\/wp-content\/uploads\/2024\/01\/Corps-2-3-768x722.png 768w, http:\/\/anaandueza.com\/wp-content\/uploads\/2024\/01\/Corps-2-3.png 1080w\" sizes=\"auto, (max-width: 1024px) 100vw, 1024px\" \/><\/figure>\n\n\n\n<figure class=\"wp-block-embed is-type-video is-provider-youtube wp-block-embed-youtube wp-embed-aspect-16-9 wp-has-aspect-ratio\"><div class=\"wp-block-embed__wrapper\">\n<iframe loading=\"lazy\" title=\"Ana Andueza : La TGA, th\u00e9rapie qui allie tradition et innovation, vers une vie plus \u00e9panouissante\ud83d\udc4c\" width=\"474\" height=\"267\" src=\"https:\/\/www.youtube.com\/embed\/nTPQ8m-mywU?feature=oembed\" frameborder=\"0\" allow=\"accelerometer; autoplay; clipboard-write; encrypted-media; gyroscope; picture-in-picture; web-share\" referrerpolicy=\"strict-origin-when-cross-origin\" allowfullscreen><\/iframe>\n<\/div><\/figure>\n\n\n\n<figure class=\"wp-block-embed is-type-video is-provider-youtube wp-block-embed-youtube wp-embed-aspect-16-9 wp-has-aspect-ratio\"><div class=\"wp-block-embed__wrapper\">\n<iframe loading=\"lazy\" title=\"Ana Andueza: Une R\u00e9volution Int\u00e9rieure: Vers une Nouvelle Conception de la Psych\u00e9!\ud83e\udd8b\" width=\"474\" height=\"267\" src=\"https:\/\/www.youtube.com\/embed\/ORtsY4aF7K8?feature=oembed\" frameborder=\"0\" allow=\"accelerometer; autoplay; clipboard-write; encrypted-media; gyroscope; picture-in-picture; web-share\" referrerpolicy=\"strict-origin-when-cross-origin\" allowfullscreen><\/iframe>\n<\/div><\/figure>\n\n\n\n<figure class=\"wp-block-embed is-type-video is-provider-youtube wp-block-embed-youtube wp-embed-aspect-16-9 wp-has-aspect-ratio\"><div class=\"wp-block-embed__wrapper\">\n<iframe loading=\"lazy\" title=\"Ana Andueza: R\u00e9\u00e9crire son DESTIN. Lib\u00e9ration et r\u00e9invention!. La TGA\ud83d\udcab\u26d3\ufe0f\u200d\ud83d\udca5\" width=\"474\" height=\"267\" src=\"https:\/\/www.youtube.com\/embed\/4jAYHLfRYsE?feature=oembed\" frameborder=\"0\" allow=\"accelerometer; autoplay; clipboard-write; encrypted-media; gyroscope; picture-in-picture; web-share\" referrerpolicy=\"strict-origin-when-cross-origin\" allowfullscreen><\/iframe>\n<\/div><\/figure>\n\n\n\n<div class=\"wp-block-cover is-light\"><img loading=\"lazy\" decoding=\"async\" width=\"1280\" height=\"853\" class=\"wp-block-cover__image-background wp-image-815\" alt=\"\" src=\"http:\/\/anaandueza.com\/wp-content\/uploads\/2024\/01\/WhatsApp-Image-2023-11-19-\u00e0-19.20.59_878cdc0d-1.jpg\" data-object-fit=\"cover\" srcset=\"http:\/\/anaandueza.com\/wp-content\/uploads\/2024\/01\/WhatsApp-Image-2023-11-19-\u00e0-19.20.59_878cdc0d-1.jpg 1280w, http:\/\/anaandueza.com\/wp-content\/uploads\/2024\/01\/WhatsApp-Image-2023-11-19-\u00e0-19.20.59_878cdc0d-1-300x200.jpg 300w, http:\/\/anaandueza.com\/wp-content\/uploads\/2024\/01\/WhatsApp-Image-2023-11-19-\u00e0-19.20.59_878cdc0d-1-768x512.jpg 768w, http:\/\/anaandueza.com\/wp-content\/uploads\/2024\/01\/WhatsApp-Image-2023-11-19-\u00e0-19.20.59_878cdc0d-1-1024x682.jpg 1024w\" sizes=\"auto, (max-width: 1280px) 100vw, 1280px\" \/><span aria-hidden=\"true\" class=\"wp-block-cover__background has-background-dim\"><\/span><div class=\"wp-block-cover__inner-container is-layout-flow wp-block-cover-is-layout-flow\">\n<p class=\"has-text-align-center has-large-font-size\"><\/p>\n<\/div><\/div>\n","protected":false},"excerpt":{"rendered":"<p>Ana ANDUEZA \u00a0\u00a0 \u00a0 513 Behereko bidea Maison Tara Zuria (en face du parking l&rsquo;\u00e9cole communale) 64780\u00a0Saint Martin D&rsquo;Arrossa 06 20 57 77 80 sophro.ana.lyse@neuf.fr Sur rendez-vous, au cabinet ou en t\u00e9l\u00e9-consultation par Zoom ou WhatsApp \u00a0 \u00a0 \u00a0 \u00a0 \u00a0 \u00a0 \u00a0 \u00a0 \u00a0 \u00a0 \u00a0 \u00a0 \u00a0 \u00a0 \u00a0 \u00a0 \u00a0 \u00a0 \u00a0 &hellip; <a href=\"http:\/\/anaandueza.com\/?page_id=39\" class=\"more-link\">Continuer la lecture de <span class=\"screen-reader-text\">VII. Me contacter<\/span>  <span class=\"meta-nav\">&rarr;<\/span><\/a><\/p>\n","protected":false},"author":1,"featured_media":619,"parent":0,"menu_order":0,"comment_status":"closed","ping_status":"closed","template":"","meta":{"footnotes":""},"class_list":["post-39","page","type-page","status-publish","has-post-thumbnail","hentry"],"_links":{"self":[{"href":"http:\/\/anaandueza.com\/index.php?rest_route=\/wp\/v2\/pages\/39","targetHints":{"allow":["GET"]}}],"collection":[{"href":"http:\/\/anaandueza.com\/index.php?rest_route=\/wp\/v2\/pages"}],"about":[{"href":"http:\/\/anaandueza.com\/index.php?rest_route=\/wp\/v2\/types\/page"}],"author":[{"embeddable":true,"href":"http:\/\/anaandueza.com\/index.php?rest_route=\/wp\/v2\/users\/1"}],"replies":[{"embeddable":true,"href":"http:\/\/anaandueza.com\/index.php?rest_route=%2Fwp%2Fv2%2Fcomments&post=39"}],"version-history":[{"count":57,"href":"http:\/\/anaandueza.com\/index.php?rest_route=\/wp\/v2\/pages\/39\/revisions"}],"predecessor-version":[{"id":1161,"href":"http:\/\/anaandueza.com\/index.php?rest_route=\/wp\/v2\/pages\/39\/revisions\/1161"}],"wp:featuredmedia":[{"embeddable":true,"href":"http:\/\/anaandueza.com\/index.php?rest_route=\/wp\/v2\/media\/619"}],"wp:attachment":[{"href":"http:\/\/anaandueza.com\/index.php?rest_route=%2Fwp%2Fv2%2Fmedia&parent=39"}],"curies":[{"name":"wp","href":"https:\/\/api.w.org\/{rel}","templated":true}]}}