{"id":350,"date":"2011-02-19T18:14:56","date_gmt":"2011-02-19T18:14:56","guid":{"rendered":"http:\/\/anaandueza.com\/?page_id=350"},"modified":"2025-11-17T20:38:46","modified_gmt":"2025-11-17T20:38:46","slug":"350-2","status":"publish","type":"page","link":"http:\/\/anaandueza.com\/?page_id=350","title":{"rendered":"I. La TGA : Th\u00e9rapie Globale Active"},"content":{"rendered":"\n<figure class=\"wp-block-embed is-type-video is-provider-youtube wp-block-embed-youtube wp-embed-aspect-16-9 wp-has-aspect-ratio\"><div class=\"wp-block-embed__wrapper\">\n<iframe loading=\"lazy\" title=\"Ana Andueza : La TGA, th\u00e9rapie qui allie tradition et innovation, vers une vie plus \u00e9panouissante\ud83d\udc4c\" width=\"474\" height=\"267\" src=\"https:\/\/www.youtube.com\/embed\/nTPQ8m-mywU?feature=oembed\" frameborder=\"0\" allow=\"accelerometer; autoplay; clipboard-write; encrypted-media; gyroscope; picture-in-picture; web-share\" referrerpolicy=\"strict-origin-when-cross-origin\" allowfullscreen><\/iframe>\n<\/div><\/figure>\n\n\n\n<figure class=\"wp-block-embed is-type-video is-provider-youtube wp-block-embed-youtube wp-embed-aspect-16-9 wp-has-aspect-ratio\"><div class=\"wp-block-embed__wrapper\">\n<iframe loading=\"lazy\" title=\"Ana Andueza: Une R\u00e9volution Int\u00e9rieure: Vers une Nouvelle Conception de la Psych\u00e9!\ud83e\udd8b\" width=\"474\" height=\"267\" src=\"https:\/\/www.youtube.com\/embed\/ORtsY4aF7K8?feature=oembed\" frameborder=\"0\" allow=\"accelerometer; autoplay; clipboard-write; encrypted-media; gyroscope; picture-in-picture; web-share\" referrerpolicy=\"strict-origin-when-cross-origin\" allowfullscreen><\/iframe>\n<\/div><\/figure>\n\n\n<div class=\"wp-block-image\">\n<figure class=\"aligncenter\"><img loading=\"lazy\" decoding=\"async\" width=\"150\" height=\"150\" src=\"http:\/\/anaandueza.com\/wp-content\/uploads\/2011\/02\/Mn_59.jpg\" alt=\"\" class=\"wp-image-399\"\/><\/figure>\n<\/div>\n\n<p><span style=\"color: #888888;\"><strong>Fonctionnement de la Th\u00e9rapie Globale Active<\/strong><\/span><\/p>\n<p>Inspir\u00e9e par la stimulation sensorielle (EMDR, IMO, DESCOPEMS etc), les neurosciences, la M\u00e9thode Tomatis, les th\u00e9ories du Pr H. Laborit,\u00a0 la Bio-Energie du Dr A.LOWEN, la Sophrologie Analytique de l\u2019Ecole Fran\u00e7aise du Dr J.P. Hubert,\u00a0la Psychologie des Profondeurs de C.G.JUNG, avec la symbolique des r\u00eaves&#8230;, j&rsquo;ai con\u00e7u une m\u00e9thode, la Th\u00e9rapie Globale Active, une m\u00e9thode compl\u00e8te et tr\u00e8s efficace pour venir \u00e0 bout d\u2019un large \u00e9ventail de pathologies. L\u2019\u00e9motion et le corps sont le chemin le plus direct pour cr\u00e9er de nouvelles connexions neuronales qui vont aider notre cerveau (tr\u00e8s plastique) \u00e0 sortir des comportements et sympt\u00f4mes (psychosomatiques et psychologiques) pathologiques et r\u00e9p\u00e9titifs.<\/p>\n<p>G\u00e9n\u00e9ralement, la TGA, est une th\u00e9rapie br\u00e8ve, de 5 \u00e0 10 s\u00e9ances en moyenne, espac\u00e9es de 2 \u00e0 4 semaines selon les possibilit\u00e9s et les besoins du consultant.<\/p>\n<p>Dans le cas d\u2019un v\u00e9cu traumatique ou de v\u00e9cus traumatiques r\u00e9p\u00e9t\u00e9s, m\u00eame v\u00e9cus dans l\u2019\u00e9tape primale (premi\u00e8re ann\u00e9e de la vie), le cerveau apprend de l\u2019exp\u00e9rience et adapte ses r\u00e9actions pour assurer la \u00ab survie \u00bb de l\u2019individu, en \u00e9vitant une situation de \u00a0 \u00a0 \u00a0 \u00a0 \u00a0 \u00a0 \u00a0 \u00a0 \u00a0\u00ab danger \u00bb. Il met en place des comportements pathologiques, (tocs, phobies, angoisses, d\u00e9pression&#8230;) ou des sympt\u00f4mes physiques (maladies fonctionnelles)&#8230; Il se pr\u00e9pare et s\u2019organise : l\u2019\u00e9v\u00e9nement provoque un apprentissage, l\u2019acquisition d\u2019un mod\u00e8le de comportement (de d\u00e9fense), et la r\u00e9p\u00e9tition de ce mod\u00e8le (souvent inadapt\u00e9 \u00e0 la nouvelle r\u00e9alit\u00e9) emp\u00eache d\u2019acqu\u00e9rir de nouvelles capacit\u00e9s, plus adapt\u00e9es au pr\u00e9sent, aux choix libres du sujet et \u00e0 ses besoins r\u00e9els. C\u2019est un cercle vicieux.<\/p>\n<p>Avec l\u2019analyse et les r\u00eaves, nous allons d\u00e9nicher certaines de ces cibles, pour, gr\u00e2ce \u00e0 l\u2019actualisation de la sc\u00e8ne, en introspection, et \u00e0 la\u00a0stimulation sensorielle altern\u00e9e, qui sera toujours diff\u00e9rente de la sensorialit\u00e9 de la sc\u00e8ne originale, trouver des ressources ou des d\u00e9tails qui ne sont pas retenus dans le choc traumatique ou le moment originel et qui vont changer le sens du v\u00e9cu ou lui donnent un sens jusqu&rsquo;alors cach\u00e9.<\/p>\n<p>Cela se fait en stimulant le n\u00e9ocortex temporal (sens) pour que le pal\u00e9ocortex (\u00e9motion) puisse revivre la situation traumatique sans censure, s\u00e9parer la raison (n\u00e9ocortex pr\u00e9frontal) du ressenti (pal\u00e9ocortex ou syst\u00e8me limbique) gr\u00e2ce \u00e0 la stimulation sensorielle (qui, elle, d\u00e9pend du n\u00e9ocortex temporal).<br \/>Cette \u00ab distraction \u00bb du n\u00e9ocortex (la raison) donne le recul n\u00e9cessaire \u00e0 notre corps et notre \u00e9motionnel, pour regarder une situation n\u00e9gative pass\u00e9e d\u2019un angle diff\u00e9rent, gr\u00e2ce aux ressources du pr\u00e9sent, en allant m\u00eame la transformer, en lui donnant un sens, si la sc\u00e8ne traumatique ne permet pas, en soi, de trouver quoi que ce soit de positif.<br \/>Nous pouvons enfin int\u00e9grer cette sc\u00e8ne dans notre compr\u00e9hension, notre vie actuelle,\u00a0 d\u2019une fa\u00e7on globale et diff\u00e9rente gr\u00e2ce aux ressources pr\u00e9sentes en nous tous, mais qui \u00e9taient neutralis\u00e9es par la croyance n\u00e9gative de survie enracin\u00e9e dans le pass\u00e9.<br \/>Elles viennent modifier le ressenti d\u2019origine, avec une r\u00e9action expressive appropri\u00e9e (bio\u00e9nergie). Ces ressources d\u00e9font le n\u0153ud \u00e9motionnel (syst\u00e8me limbique) qui va s\u2019int\u00e9grer dans le n\u00e9ocortex pr\u00e9frontal comme une information ordinaire, donc absente d\u2019affects n\u00e9gatifs.<br \/>Alors nous devenons libres de nos choix actuels, adapt\u00e9s \u00e0 la situation pr\u00e9sente et pas dans un fonctionnement pathologique automatique de d\u00e9fense et de survie. En plus, pour finir et toujours sous une stimulation sensorielle en alternance, la personne va revivre la sc\u00e8ne originale en la changeant, en int\u00e9grant ce qu\u2019elle a d\u00e9couvert aujourd\u2019hui, et qui transforme l\u2019id\u00e9e n\u00e9gative que souvent, elle se faisait d\u2019elle-m\u00eame.<br \/>Nous pouvons changer le pass\u00e9, parce que nous pouvons changer les effets de ce pass\u00e9 traumatique dans notre cerveau, au pr\u00e9sent, ici et maintenant, gr\u00e2ce \u00e0 sa plasticit\u00e9. Notre syst\u00e8me de r\u00e9f\u00e9rences et l\u2019organisation de notre cerveau changent en \u00e9liminant le conditionnement (la cause) qui mena\u00e7ait la survie.<br \/>Notre cerveau, apr\u00e8s la th\u00e9rapie, a d\u00e9sappris un comportement ou un sympt\u00f4me, qui, dans le pass\u00e9, \u00e9tait adapt\u00e9 et qui n\u2019est plus actuel. Notre cerveau, peut maintenant apprendre une nouvelle fa\u00e7on d\u2019agir, de faire : d\u2019un c\u00f4t\u00e9 la conscience de notre comportement (pathologie ancienne) et le pourquoi de ce comportement, et de l\u2019autre c\u00f4t\u00e9, gr\u00e2ce \u00e0 la sophrologie, l\u2019acquisition de nouvelles comp\u00e9tences qui am\u00e8nent \u00e0 une nouvelle r\u00e9alit\u00e9, plus positive et int\u00e9ressante pour l\u2019individu.<\/p>\n<p><span style=\"color: #888888;\"><strong>\u00ab Ce qui ne parvient pas \u00e0 la Conscience revient sous la forme du Destin \u00bb<\/strong> <span style=\"color: #000000;\">C G Jung<\/span><\/span><\/p>\n<p>\u00ab Lorsqu\u2019on ne peut modifier une situation, la mort par exemple,\u00a0 on n\u2019a pas d\u2019autre choix que de se transformer \u00bb&#8230; \u00ab On peut trouver un sens \u00e0 la vie m\u00eame \u00e0 travers la souffrance si celle-ci est in\u00e9vitable ; si elle n\u2019est pas in\u00e9vitable, la souffrance, il faut \u00e9liminer sa cause, qu\u2019elle soit psychologique, biologique ou politique ; accepter de souffrir inutilement est du masochisme<strong>. \u00a0<\/strong><strong><span style=\"color: #888888;\">La joie et la tristesse font partie de la vie \u00bb<\/span> <\/strong>Viktor E. Frankl<\/p>\n<p><strong><span style=\"color: #888888;\">\u00ab\u00a0La vie est comme une bicyclette, il faut avancer pour ne pas perdre l&rsquo;\u00e9quilibre\u00a0\u00bb <\/span><\/strong>A. Einstein<\/p>\n<p><strong><span style=\"color: #888888;\">\u00ab\u00a0La folie est de toujours se comporter de la m\u00eame mani\u00e8re et de s&rsquo;attendre \u00e0 un r\u00e9sultat diff\u00e9rent\u00a0\u00bb<\/span>. <\/strong>A. Einstein<\/p>\n<h6 style=\"text-align: right;\">\u00a0<\/h6>\n<h6 style=\"text-align: right;\"><span style=\"color: #888888;\"><strong><strong>Biling\u00fce espa\u00f1ol-franc\u00e9s<\/strong><\/strong><\/span><\/h6>\n<h6 style=\"text-align: right;\"><span style=\"color: #888888;\"><strong>\u00a0<\/strong><\/span><\/h6>\n\n<div class=\"wp-block-image\">\n<figure class=\"aligncenter size-large\"><a href=\"https:\/\/anaandueza.com\/wp-content\/uploads\/2025\/11\/connexion-logo-scaled.jpg\"><img loading=\"lazy\" decoding=\"async\" width=\"1024\" height=\"576\" src=\"https:\/\/anaandueza.com\/wp-content\/uploads\/2025\/11\/connexion-logo-1024x576.jpg\" alt=\"\" class=\"wp-image-1137\" srcset=\"http:\/\/anaandueza.com\/wp-content\/uploads\/2025\/11\/connexion-logo-1024x576.jpg 1024w, http:\/\/anaandueza.com\/wp-content\/uploads\/2025\/11\/connexion-logo-300x169.jpg 300w, http:\/\/anaandueza.com\/wp-content\/uploads\/2025\/11\/connexion-logo-768x432.jpg 768w, http:\/\/anaandueza.com\/wp-content\/uploads\/2025\/11\/connexion-logo-1536x864.jpg 1536w, http:\/\/anaandueza.com\/wp-content\/uploads\/2025\/11\/connexion-logo-2048x1152.jpg 2048w\" sizes=\"auto, (max-width: 1024px) 100vw, 1024px\" \/><\/a><\/figure>\n<\/div>\n\n\n<p>La Psychoth\u00e9rapie R\u00e9tro-causale et Quantique : Une Odyss\u00e9e de l\u2019Esprit<br><br>Dans l\u2019univers labyrinthique de la psych\u00e9 humaine, o\u00f9 les souvenirs s\u2019entrelacent aux r\u00eaves et les \u00e9motions se superposent comme des ondes, une nouvelle approche th\u00e9rapeutique \u00e9merge, inspir\u00e9e par les myst\u00e8res de la m\u00e9canique quantique et les paradoxes de la r\u00e9tro-causalit\u00e9. Cette psychoth\u00e9rapie, audacieuse et novatrice, propose de revisiter notre rapport au temps, \u00e0 la m\u00e9moire et \u00e0 l\u2019identit\u00e9, en explorant comment le futur peut \u00e9clairer le pr\u00e9sent et comment l\u2019esprit, tel un syst\u00e8me quantique, peut exister dans des \u00e9tats multiples jusqu\u2019\u00e0 ce que l\u2019observation le fige dans une r\u00e9alit\u00e9.<br><br>La R\u00e9tro-causalit\u00e9 : Le Futur comme Boussole<br><br>La r\u00e9tro-causalit\u00e9, ce concept fascinant emprunt\u00e9 \u00e0 la physique quantique, sugg\u00e8re que les \u00e9v\u00e9nements futurs peuvent influencer le pass\u00e9. Dans le cadre de la psychoth\u00e9rapie, cette id\u00e9e ouvre des perspectives in\u00e9dites. Imaginez : un objectif futur, une gu\u00e9rison ou une r\u00e9alisation personnelle pourrait modifier la mani\u00e8re dont nous percevons un traumatisme pass\u00e9 ou renforcer notre r\u00e9silience actuelle. Le th\u00e9rapeute, tel un guide temporel, invite le patient \u00e0 visualiser des v\u00e9cus pass\u00e9s pour les transformer et ainsi ouvrir les multiples champs des futurs possibles et d\u00e9sirables (positifs). Cette approche, \u00e0 la fois po\u00e9tique et pragmatique, permet de transformer des sch\u00e9mas de pens\u00e9e n\u00e9gatifs, les traumatismes et les sch\u00e9mas appris en leviers de croissance.<br><br>La M\u00e9canique Quantique : L\u2019Esprit en Superposition<br><br>La m\u00e9canique quantique, avec ses notions de superposition et d\u2019intrication, offre une m\u00e9taphore puissante pour comprendre la complexit\u00e9 de l\u2019esprit humain. Dans cet univers, une particule peut exister dans plusieurs \u00e9tats simultan\u00e9ment jusqu\u2019\u00e0 ce qu\u2019elle soit observ\u00e9e. De m\u00eame, l\u2019esprit humain peut abriter des \u00e9motions et des pens\u00e9es contradictoires, coexistantes, jusqu\u2019\u00e0 ce que la conscience les clarifie. En th\u00e9rapie, cette id\u00e9e se traduit par l\u2019acceptation de la superposition \u00e9motionnelle : la joie et la tristesse, la peur et l\u2019espoir, peuvent habiter le m\u00eame espace mental sans s\u2019annuler. En apprenant \u00e0 naviguer entre ces \u00e9tats, le patient d\u00e9couvre une nouvelle libert\u00e9 int\u00e9rieure.<br><br>L\u2019Intrication Relationnelle : Les Liens Invisibles<br><br>L\u2019intrication quantique, ce ph\u00e9nom\u00e8ne o\u00f9 deux particules distantes restent li\u00e9es, quelle que soit la distance qui les s\u00e9pare, trouve un \u00e9cho dans les relations humaines. La th\u00e9rapie explore comment nos liens avec les autres, m\u00eame ceux qui semblent t\u00e9nus ou lointains, influencent profond\u00e9ment notre \u00e9tat mental. En travaillant sur ces connexions, le patient peut mieux comprendre les dynamiques qui le fa\u00e7onnent et les modifier pour favoriser son \u00e9panouissement.<br><br>L\u2019Observation Consciente : La Transformation par la Prise de Conscience<br><br>En m\u00e9canique quantique, l\u2019observation modifie l\u2019\u00e9tat d\u2019un syst\u00e8me. En psychoth\u00e9rapie, cette id\u00e9e se traduit par le pouvoir transformateur de la prise de conscience. En observant ses sch\u00e9mas mentaux, ses croyances limitantes ou ses \u00e9motions refoul\u00e9es, le patient peut les modifier et les transformer.<br><br>La Psychoth\u00e9rapie R\u00e9tro-causale et Quantique : Une R\u00e9volution Int\u00e9rieure<br><br>Dans un monde o\u00f9 la science et la psychologie se croisent de mani\u00e8re \u00e9vidente, une nouvelle approche th\u00e9rapeutique \u00e9merge, alliant les concepts de la m\u00e9canique quantique et de la r\u00e9tro-causalit\u00e9. Cette fusion, audacieuse et d\u00e9routante, nous invite \u00e0 envisager la psych\u00e9 humaine non pas comme une entit\u00e9 fig\u00e9e, mais comme un champ d\u2019interactions infinies, o\u00f9 le futur pourrait bien influencer le pr\u00e9sent et, par cons\u00e9quent, r\u00e9\u00e9crire notre pass\u00e9 \u00e9motionnel.<br><br>I. La R\u00e9tro-causalit\u00e9 : Un Voyage dans le Temps Psychologique<br><br>La r\u00e9tro-causalit\u00e9, ce principe fascinant qui sugg\u00e8re que les \u00e9v\u00e9nements futurs peuvent influer sur le pass\u00e9, trouve une r\u00e9sonance \u00e9tonnante dans le domaine de la psychoth\u00e9rapie. Imaginez un instant que les d\u00e9sirs et les aspirations que nous portons pour demain puissent transformer notre mani\u00e8re de vivre aujourd\u2019hui. Un objectif, une ambition, une vision d\u2019un futur glorieux peuvent agir comme des phares, \u00e9clairant les recoins sombres de notre m\u00e9moire. Ainsi, un traumatisme d\u2019hier peut \u00eatre revisit\u00e9 \u00e0 travers le prisme d\u2019une gu\u00e9rison anticip\u00e9e, offrant une nouvelle perspective et une r\u00e9silience insoup\u00e7onn\u00e9e. La th\u00e9rapie devient alors un espace o\u00f9 l\u2019on apprend \u00e0 se projeter et \u00e0 r\u00e9\u00e9crire notre r\u00e9cit personnel \u00e0 l\u2019aune des promesses de demain.<br><br>II. La M\u00e9canique Quantique : Une Danse d\u2019\u00c9motions Superpos\u00e9es<br><br>La m\u00e9canique quantique, avec ses notions d\u2019intrication et de superposition, nous pousse \u00e0 repenser notre approche des \u00e9motions. L\u2019esprit humain, tel un syst\u00e8me quantique, existe dans un \u00e9tat d\u2019incertitude, o\u00f9 joie et tristesse, espoir et d\u00e9sespoir cohabitent dans une harmonie instable. En acceptant cette superposition, le patient est invit\u00e9 \u00e0 naviguer \u00e0 travers une mer d\u2019\u00e9motions contradictoires, \u00e0 reconna\u00eetre que la complexit\u00e9 de ses sentiments est non seulement normale, mais \u00e9galement enrichissante. Ce cheminement th\u00e9rapeutique permet d\u2019adopter une posture d\u2019observation consciente, o\u00f9 la prise de conscience devient un outil de transformation. Observer une pens\u00e9e, c\u2019est d\u00e9j\u00e0 la modifier, c\u2019est lui donner une nouvelle couleur, une nouvelle texture.<br><br>III. Approche Th\u00e9rapeutique : Explorer les Futurs Possibles gr\u00e2ce \u00e0 la Reprogrammation du Pass\u00e9 : TGA<br><br>Dans cette qu\u00eate de r\u00e9invention, le th\u00e9rapeute se mue en guide, encourageant le patient \u00e0 explorer des futurs possibles. \u00c0 travers des visualisations cr\u00e9atives, le client est amen\u00e9 \u00e0 envisager diff\u00e9rentes versions de son existence, \u00e0 jouer avec les fils du destin. Chaque choix pr\u00e9sent devient alors une porte ouverte vers un avenir in\u00e9dit, et chaque souvenir pass\u00e9 se teinte des nuances de ces projections. La r\u00e9interpr\u00e9tation des exp\u00e9riences, enrichie par cette perspective anticip\u00e9e, permet de d\u00e9bloquer des sch\u00e9mas de pens\u00e9e ancr\u00e9s et de favoriser une dynamique de gu\u00e9rison.<br><br>Les pratiques de pleine conscience, inspir\u00e9es par ces concepts quantiques, invitent \u00e0 un retour \u00e0 l\u2019instant pr\u00e9sent. Car c\u2019est ici, dans ce pr\u00e9sent \u00e9ph\u00e9m\u00e8re, que se joue le jeu des possibles. En cultivant cette conscience, le patient apprend \u00e0 apprivoiser l\u2019incertitude, \u00e0 vivre avec les paradoxes, \u00e0 comprendre que son \u00e9tat d\u2019esprit est un champ d\u2019interactions en perp\u00e9tuelle \u00e9volution.<br><br>IV. Interconnexion et Influence : Un Tissu Relationnel<br><br>Enfin, en int\u00e9grant la notion d\u2019intrication relationnelle, cette approche th\u00e9rapeutique nous rappelle que nous ne sommes jamais seuls. Nos relations interpersonnelles sont des fils invisibles qui tissent notre r\u00e9alit\u00e9 \u00e9motionnelle. Chaque interaction, chaque regard \u00e9chang\u00e9, chaque parole prononc\u00e9e contribue \u00e0 fa\u00e7onner notre \u00e9tat d\u2019\u00eatre. En explorant ces dynamiques, le patient d\u00e9couvre qu\u2019il peut non seulement agir sur lui-m\u00eame, mais aussi influencer et \u00eatre influenc\u00e9 par son environnement social. Cette prise de conscience ouvre la voie \u00e0 une responsabilit\u00e9 collective dans le processus de gu\u00e9rison.<br><br>Conclusion : Vers une Nouvelle Conception de la Psych\u00e9<br><br>Bien que cette approche reste encore en gestation, entour\u00e9e de d\u00e9bats et de controverses, elle offre une perspective in\u00e9dite sur la nature de la psych\u00e9 humaine. En mariant r\u00e9tro-causalit\u00e9 et m\u00e9canique quantique, elle permet d\u2019envisager la gu\u00e9rison non comme un retour \u00e0 la normalit\u00e9, mais comme un voyage vers l\u2019infini des possibles. Cette psychoth\u00e9rapie, en lib\u00e9rant les individus des sch\u00e9mas pass\u00e9s limitants, les invite \u00e0 cr\u00e9er une vision dynamique et positive de leur avenir. Dans ce monde en perp\u00e9tuel mouvement, o\u00f9 le temps et l\u2019espace se dilatent, la gu\u00e9rison devient une danse d\u00e9licate entre le pass\u00e9, le pr\u00e9sent et le futur, une invitation \u00e0 r\u00eaver et \u00e0 devenir.<br><br><\/p>\n","protected":false},"excerpt":{"rendered":"<p>Fonctionnement de la Th\u00e9rapie Globale Active Inspir\u00e9e par la stimulation sensorielle (EMDR, IMO, DESCOPEMS etc), les neurosciences, la M\u00e9thode Tomatis, les th\u00e9ories du Pr H. Laborit,\u00a0 la Bio-Energie du Dr A.LOWEN, la Sophrologie Analytique de l\u2019Ecole Fran\u00e7aise du Dr J.P. Hubert,\u00a0la Psychologie des Profondeurs de C.G.JUNG, avec la symbolique des r\u00eaves&#8230;, j&rsquo;ai con\u00e7u une m\u00e9thode, &hellip; <a href=\"http:\/\/anaandueza.com\/?page_id=350\" class=\"more-link\">Continuer la lecture de <span class=\"screen-reader-text\">I. La TGA : Th\u00e9rapie Globale Active<\/span>  <span class=\"meta-nav\">&rarr;<\/span><\/a><\/p>\n","protected":false},"author":1,"featured_media":822,"parent":0,"menu_order":0,"comment_status":"closed","ping_status":"closed","template":"","meta":{"footnotes":""},"class_list":["post-350","page","type-page","status-publish","has-post-thumbnail","hentry"],"_links":{"self":[{"href":"http:\/\/anaandueza.com\/index.php?rest_route=\/wp\/v2\/pages\/350","targetHints":{"allow":["GET"]}}],"collection":[{"href":"http:\/\/anaandueza.com\/index.php?rest_route=\/wp\/v2\/pages"}],"about":[{"href":"http:\/\/anaandueza.com\/index.php?rest_route=\/wp\/v2\/types\/page"}],"author":[{"embeddable":true,"href":"http:\/\/anaandueza.com\/index.php?rest_route=\/wp\/v2\/users\/1"}],"replies":[{"embeddable":true,"href":"http:\/\/anaandueza.com\/index.php?rest_route=%2Fwp%2Fv2%2Fcomments&post=350"}],"version-history":[{"count":38,"href":"http:\/\/anaandueza.com\/index.php?rest_route=\/wp\/v2\/pages\/350\/revisions"}],"predecessor-version":[{"id":1146,"href":"http:\/\/anaandueza.com\/index.php?rest_route=\/wp\/v2\/pages\/350\/revisions\/1146"}],"wp:featuredmedia":[{"embeddable":true,"href":"http:\/\/anaandueza.com\/index.php?rest_route=\/wp\/v2\/media\/822"}],"wp:attachment":[{"href":"http:\/\/anaandueza.com\/index.php?rest_route=%2Fwp%2Fv2%2Fmedia&parent=350"}],"curies":[{"name":"wp","href":"https:\/\/api.w.org\/{rel}","templated":true}]}}